{"id":198,"date":"2020-01-17T07:40:58","date_gmt":"2020-01-17T06:40:58","guid":{"rendered":"https:\/\/www.hofemamida.com\/?page_id=198"},"modified":"2020-01-18T18:16:28","modified_gmt":"2020-01-18T17:16:28","slug":"servicios","status":"publish","type":"page","link":"https:\/\/www.hofemamida.com\/es\/servicios\/","title":{"rendered":"SERVICIOS"},"content":{"rendered":"<div id=\"pl-198\"  class=\"panel-layout\" ><div id=\"pg-198-0\"  class=\"panel-grid panel-no-style\" ><div id=\"pgc-198-0-0\"  class=\"panel-grid-cell\" ><div id=\"panel-198-0-0-0\" class=\"so-panel widget panel-first-child panel-last-child\" data-index=\"0\" ><\/div><\/div><\/div><div id=\"pg-198-1\"  class=\"panel-grid panel-no-style\" ><div id=\"pgc-198-1-0\"  class=\"panel-grid-cell\" ><div id=\"panel-198-1-0-0\" class=\"so-panel widget widget_dropcap-widget panel-first-child panel-last-child\" data-index=\"1\" >      <style type=\"text\/css\">\r\n            .dropca-335 .dropcap_bg:hover, .dropca-335 .dropcap_bg:hover {\r\n                background-color: #f1f1f1!important;\r\n                color: #e2b310!important;\r\n            }\r\n          .dropcap a:hover{\r\n            opacity: 0.8!important;\r\n          }\r\n      <\/style>\r\n  \r\n<div class=\"dropcap dropcap_left dropca-335\" > \r\n      <a href=\"#\" >\r\n             <div class=\"dropcap_bg alignleft  widget-dropcap-widget-1-dropcap_bg_color\" style=\"width:64px; height:64px; line-height:64px; font-size:64px; background-color:#e2b310; color:#f1f1f1; padding:32px; border:1px solid #e2b310; border-radius:100%\">\r\n     <i class=\"fa fa-globe\" > <\/i>      <\/div>\r\n      \r\n \r\n<\/a> \r\n\r\n  <div class=\"description\" style=\"overflow:hidden\">\r\n         <a href=\"#\" >\r\n          <h3 style=\"color:#333333!important; text-align:left\">Dise\u00f1o actual<\/h3>\r\n     <\/a>     <p style=\"color:#787878!important; text-align:left\">Ven a ver <a href=\"https:\/\/www.hofemamida.com\/es\/tienda-sabadell\/\" >nuestro showroom<\/a>, d\u00f3nde podr\u00e1s ver algunos de nuestros dise\u00f1os de muebles de \u00faltima tendencia, as\u00ed como todas las posibilidades de combinaci\u00f3n de materiales, colores y texturas que te podemos ofrecer.<\/p>\r\n      <\/div>\r\n<\/div>\r\n\r\n\r\n<\/div><\/div><div id=\"pgc-198-1-1\"  class=\"panel-grid-cell\" ><div id=\"panel-198-1-1-0\" class=\"so-panel widget widget_dropcap-widget panel-first-child panel-last-child\" data-index=\"2\" >      <style type=\"text\/css\">\r\n            .dropca-497 .dropcap_bg:hover, .dropca-497 .dropcap_bg:hover {\r\n                background-color: #f1f1f1!important;\r\n                color: #e2b310!important;\r\n            }\r\n          .dropcap a:hover{\r\n            opacity: 0.8!important;\r\n          }\r\n      <\/style>\r\n  \r\n<div class=\"dropcap dropcap_left dropca-497\" > \r\n      <a href=\"#\" >\r\n             <div class=\"dropcap_bg alignleft  widget-dropcap-widget-1-dropcap_bg_color\" style=\"width:64px; height:64px; line-height:64px; font-size:64px; background-color:#e2b310; color:#f1f1f1; padding:32px; border:1px solid #e2b310; border-radius:100%\">\r\n     <i class=\"fa fa-pencil\" > <\/i>      <\/div>\r\n      \r\n \r\n<\/a> \r\n\r\n  <div class=\"description\" style=\"overflow:hidden\">\r\n         <a href=\"#\" >\r\n          <h3 style=\"color:#333333!important; text-align:left\">Soluciones de Dise\u00f1o<\/h3>\r\n     <\/a>     <p style=\"color:#787878!important; text-align:left\">Nuestra larga experiencia en dise\u00f1o de muebles y nuestras l\u00edneas de mobiliario de \u00faltima tendencia nos permiten ofrecerte soluciones modernas y pr\u00e1cticas con el uso de gran variedad de acabados y todo tipo de posibilidades de construcci\u00f3n.<\/p>\r\n      <\/div>\r\n<\/div>\r\n\r\n\r\n<\/div><\/div><div id=\"pgc-198-1-2\"  class=\"panel-grid-cell\" ><div id=\"panel-198-1-2-0\" class=\"so-panel widget widget_dropcap-widget panel-first-child panel-last-child\" data-index=\"3\" >      <style type=\"text\/css\">\r\n            .dropca-254 .dropcap_bg:hover, .dropca-254 .dropcap_bg:hover {\r\n                background-color: #f1f1f1!important;\r\n                color: #e2b310!important;\r\n            }\r\n          .dropcap a:hover{\r\n            opacity: 0.8!important;\r\n          }\r\n      <\/style>\r\n  \r\n<div class=\"dropcap dropcap_left dropca-254\" > \r\n      <a href=\"#\" >\r\n             <div class=\"dropcap_bg alignleft  widget-dropcap-widget-1-dropcap_bg_color\" style=\"width:64px; height:64px; line-height:64px; font-size:64px; background-color:#e2b310; color:#f1f1f1; padding:32px; border:1px solid #e2b310; border-radius:100%\">\r\n     <i class=\"fa fa-thumbs-up\" > <\/i>      <\/div>\r\n      \r\n \r\n<\/a> \r\n\r\n  <div class=\"description\" style=\"overflow:hidden\">\r\n         <a href=\"#\" >\r\n          <h3 style=\"color:#333333!important; text-align:left\">El mejor asesoramiento<\/h3>\r\n     <\/a>     <p style=\"color:#787878!important; text-align:left\">Nuestro objetivo es tu satisfacci\u00f3n. D\u00e9jate asesorar por nuestra experiencia e infinitas posibilidades de combinaci\u00f3n: encontraremos la forma de aprovechar al m\u00e1ximo el espacio disponible con dise\u00f1o y buen gusto.<\/p>\r\n      <\/div>\r\n<\/div>\r\n\r\n\r\n<\/div><\/div><\/div><div id=\"pg-198-2\"  class=\"panel-grid panel-no-style\" ><div id=\"pgc-198-2-0\"  class=\"panel-grid-cell\" ><div id=\"panel-198-2-0-0\" class=\"so-panel widget widget_dropcap-widget panel-first-child panel-last-child\" data-index=\"4\" >      <style type=\"text\/css\">\r\n            .dropca-369 .dropcap_bg:hover, .dropca-369 .dropcap_bg:hover {\r\n                background-color: #f1f1f1!important;\r\n                color: #e2b310!important;\r\n            }\r\n          .dropcap a:hover{\r\n            opacity: 0.8!important;\r\n          }\r\n      <\/style>\r\n  \r\n<div class=\"dropcap dropcap_left dropca-369\" > \r\n      <a href=\"#\" >\r\n             <div class=\"dropcap_bg alignleft  widget-dropcap-widget-1-dropcap_bg_color\" style=\"width:64px; height:64px; line-height:64px; font-size:64px; background-color:#e2b310; color:#f1f1f1; padding:32px; border:1px solid #e2b310; border-radius:100%\">\r\n     <i class=\"fa fa-lightbulb-o\" > <\/i>      <\/div>\r\n      \r\n \r\n<\/a> \r\n\r\n  <div class=\"description\" style=\"overflow:hidden\">\r\n         <a href=\"#\" >\r\n          <h3 style=\"color:#333333!important; text-align:left\">Ideas creativas<\/h3>\r\n     <\/a>     <p style=\"color:#787878!important; text-align:left\">D\u00e9jate sorprender con nuevas ideas de distribuci\u00f3n y aprovechamiento del espacio, con tal de crear ambientes relajantes y harmoniosos a la vez que pr\u00e1cticos.<\/p>\r\n      <\/div>\r\n<\/div>\r\n\r\n\r\n<\/div><\/div><div id=\"pgc-198-2-1\"  class=\"panel-grid-cell\" ><div id=\"panel-198-2-1-0\" class=\"so-panel widget widget_dropcap-widget panel-first-child panel-last-child\" data-index=\"5\" >      <style type=\"text\/css\">\r\n            .dropca-93 .dropcap_bg:hover, .dropca-93 .dropcap_bg:hover {\r\n                background-color: #f1f1f1!important;\r\n                color: #e2b310!important;\r\n            }\r\n          .dropcap a:hover{\r\n            opacity: 0.8!important;\r\n          }\r\n      <\/style>\r\n  \r\n<div class=\"dropcap dropcap_left dropca-93\" > \r\n      <a href=\"#\" >\r\n             <div class=\"dropcap_bg alignleft  widget-dropcap-widget-1-dropcap_bg_color\" style=\"width:64px; height:64px; line-height:64px; font-size:64px; background-color:#e2b310; color:#f1f1f1; padding:32px; border:1px solid #e2b310; border-radius:100%\">\r\n     <i class=\"fa fa-rocket\" > <\/i>      <\/div>\r\n      \r\n \r\n<\/a> \r\n\r\n  <div class=\"description\" style=\"overflow:hidden\">\r\n         <a href=\"#\" >\r\n          <h3 style=\"color:#333333!important; text-align:left\">Lanzamientos de nuevos productos<\/h3>\r\n     <\/a>     <p style=\"color:#787878!important; text-align:left\">Nuestros cat\u00e1logos de muebles y acabados se actualizan anualmente con las \u00faltimas novedades del mercado.<\/p>\r\n      <\/div>\r\n<\/div>\r\n\r\n\r\n<\/div><\/div><div id=\"pgc-198-2-2\"  class=\"panel-grid-cell\" ><div id=\"panel-198-2-2-0\" class=\"so-panel widget widget_dropcap-widget panel-first-child panel-last-child\" data-index=\"6\" >      <style type=\"text\/css\">\r\n            .dropca-392 .dropcap_bg:hover, .dropca-392 .dropcap_bg:hover {\r\n                background-color: #f1f1f1!important;\r\n                color: #e2b310!important;\r\n            }\r\n          .dropcap a:hover{\r\n            opacity: 0.8!important;\r\n          }\r\n      <\/style>\r\n  \r\n<div class=\"dropcap dropcap_left dropca-392\" > \r\n      <a href=\"#\" >\r\n             <div class=\"dropcap_bg alignleft  widget-dropcap-widget-1-dropcap_bg_color\" style=\"width:64px; height:64px; line-height:64px; font-size:64px; background-color:#e2b310; color:#f1f1f1; padding:32px; border:1px solid #e2b310; border-radius:100%\">\r\n     <i class=\"fa fa-legal\" > <\/i>      <\/div>\r\n      \r\n \r\n<\/a> \r\n\r\n  <div class=\"description\" style=\"overflow:hidden\">\r\n         <a href=\"#\" >\r\n          <h3 style=\"color:#333333!important; text-align:left\">Montaje Profesional y de Calidad<\/h3>\r\n     <\/a>     <p style=\"color:#787878!important; text-align:left\">Nuestros montadores son especialistas en el mueble a medida. Te dejar\u00e1n el mueble perfecto sin que tengas que mover ni un solo dedo.<\/p>\r\n      <\/div>\r\n<\/div>\r\n\r\n\r\n<\/div><\/div><\/div><div id=\"pg-198-3\"  class=\"panel-grid panel-no-style\" ><div id=\"pgc-198-3-0\"  class=\"panel-grid-cell\" ><div id=\"panel-198-3-0-0\" class=\"so-panel widget widget_dropcap-widget panel-first-child panel-last-child\" data-index=\"7\" >      <style type=\"text\/css\">\r\n            .dropca-259 .dropcap_bg:hover, .dropca-259 .dropcap_bg:hover {\r\n                background-color: #f1f1f1!important;\r\n                color: #e2b310!important;\r\n            }\r\n          .dropcap a:hover{\r\n            opacity: 0.8!important;\r\n          }\r\n      <\/style>\r\n  \r\n<div class=\"dropcap dropcap_left dropca-259\" > \r\n      <a href=\"#\" >\r\n             <div class=\"dropcap_bg alignleft  widget-dropcap-widget-1-dropcap_bg_color\" style=\"width:64px; height:64px; line-height:64px; font-size:64px; background-color:#e2b310; color:#f1f1f1; padding:32px; border:1px solid #e2b310; border-radius:100%\">\r\n     <i class=\"fa fa-star\" > <\/i>      <\/div>\r\n      \r\n \r\n<\/a> \r\n\r\n  <div class=\"description\" style=\"overflow:hidden\">\r\n         <a href=\"#\" >\r\n          <h3 style=\"color:#333333!important; text-align:left\">Ofertas Especiales<\/h3>\r\n     <\/a>     <p style=\"color:#787878!important; text-align:left\">No dejes escapar nuestras ofertas: dise\u00f1aremos cada mueble a medida de tu espacio y tu bolsillo.<\/p>\r\n      <\/div>\r\n<\/div>\r\n\r\n\r\n<\/div><\/div><div id=\"pgc-198-3-1\"  class=\"panel-grid-cell\" ><div id=\"panel-198-3-1-0\" class=\"so-panel widget widget_dropcap-widget panel-first-child panel-last-child\" data-index=\"8\" >      <style type=\"text\/css\">\r\n            .dropca-72 .dropcap_bg:hover, .dropca-72 .dropcap_bg:hover {\r\n                background-color: #f1f1f1!important;\r\n                color: #e2b310!important;\r\n            }\r\n          .dropcap a:hover{\r\n            opacity: 0.8!important;\r\n          }\r\n      <\/style>\r\n  \r\n<div class=\"dropcap dropcap_left dropca-72\" > \r\n      <a href=\"#\" >\r\n             <div class=\"dropcap_bg alignleft  widget-dropcap-widget-1-dropcap_bg_color\" style=\"width:64px; height:64px; line-height:64px; font-size:64px; background-color:#e2b310; color:#f1f1f1; padding:32px; border:1px solid #e2b310; border-radius:100%\">\r\n     <i class=\"fa fa-leaf\" > <\/i>      <\/div>\r\n      \r\n \r\n<\/a> \r\n\r\n  <div class=\"description\" style=\"overflow:hidden\">\r\n         <a href=\"#\" >\r\n          <h3 style=\"color:#333333!important; text-align:left\">Eco<\/h3>\r\n     <\/a>     <p style=\"color:#787878!important; text-align:left\">Nuestros productos y sus procesos de fabricaci\u00f3n son respetuosos con el medio ambiente.<\/p>\r\n      <\/div>\r\n<\/div>\r\n\r\n\r\n<\/div><\/div><div id=\"pgc-198-3-2\"  class=\"panel-grid-cell\" ><div id=\"panel-198-3-2-0\" class=\"so-panel widget widget_dropcap-widget panel-first-child panel-last-child\" data-index=\"9\" >      <style type=\"text\/css\">\r\n            .dropca-395 .dropcap_bg:hover, .dropca-395 .dropcap_bg:hover {\r\n                background-color: #f1f1f1!important;\r\n                color: #e2b310!important;\r\n            }\r\n          .dropcap a:hover{\r\n            opacity: 0.8!important;\r\n          }\r\n      <\/style>\r\n  \r\n<div class=\"dropcap dropcap_left dropca-395\" > \r\n      <a href=\"#\" >\r\n             <div class=\"dropcap_bg alignleft  widget-dropcap-widget-1-dropcap_bg_color\" style=\"width:64px; height:64px; line-height:64px; font-size:64px; background-color:#e2b310; color:#f1f1f1; padding:32px; border:1px solid #e2b310; border-radius:100%\">\r\n     <i class=\"fa fa-truck\" > <\/i>      <\/div>\r\n      \r\n \r\n<\/a> \r\n\r\n  <div class=\"description\" style=\"overflow:hidden\">\r\n         <a href=\"#\" >\r\n          <h3 style=\"color:#333333!important; text-align:left\">Transporte y Montaje Gratuitos<\/h3>\r\n     <\/a>     <p style=\"color:#787878!important; text-align:left\">Sin sorpresas: el transporte y el montaje siempre estar\u00e1n incluidos en tu presupuesto.<\/p>\r\n      <\/div>\r\n<\/div>\r\n\r\n\r\n<\/div><\/div><\/div><\/div>","protected":false},"excerpt":{"rendered":"<p>Dise\u00f1o actual Ven a ver nuestro showroom, d\u00f3nde podr\u00e1s ver algunos de nuestros dise\u00f1os de muebles de \u00faltima tendencia, as\u00ed como todas las posibilidades de combinaci\u00f3n de materiales, colores y texturas que te podemos ofrecer. Soluciones de Dise\u00f1o Nuestra larga experiencia en dise\u00f1o de muebles y nuestras l\u00edneas de mobiliario de \u00faltima tendencia nos permiten [&hellip;]<\/p>\n","protected":false},"author":1,"featured_media":0,"parent":0,"menu_order":0,"comment_status":"closed","ping_status":"closed","template":"templates\/template-fullwidth.php","meta":{"footnotes":""},"class_list":["post-198","page","type-page","status-publish","hentry"],"yoast_head":"<!-- This site is optimized with the Yoast SEO plugin v23.6 - https:\/\/yoast.com\/wordpress\/plugins\/seo\/ -->\n<title>SERVICIOS - Ho Fem a Mida<\/title>\n<meta name=\"robots\" content=\"index, follow, max-snippet:-1, max-image-preview:large, max-video-preview:-1\" \/>\n<link rel=\"canonical\" href=\"https:\/\/www.hofemamida.com\/es\/servicios\/\" \/>\n<meta property=\"og:locale\" content=\"es_ES\" \/>\n<meta property=\"og:type\" content=\"article\" \/>\n<meta property=\"og:title\" content=\"SERVICIOS - Ho Fem a Mida\" \/>\n<meta property=\"og:description\" content=\"Dise\u00f1o actual Ven a ver nuestro showroom, d\u00f3nde podr\u00e1s ver algunos de nuestros dise\u00f1os de muebles de \u00faltima tendencia, as\u00ed como todas las posibilidades de combinaci\u00f3n de materiales, colores y texturas que te podemos ofrecer. Soluciones de Dise\u00f1o Nuestra larga experiencia en dise\u00f1o de muebles y nuestras l\u00edneas de mobiliario de \u00faltima tendencia nos permiten [&hellip;]\" \/>\n<meta property=\"og:url\" content=\"https:\/\/www.hofemamida.com\/es\/servicios\/\" \/>\n<meta property=\"og:site_name\" content=\"Ho Fem a Mida\" \/>\n<meta property=\"article:modified_time\" content=\"2020-01-18T17:16:28+00:00\" \/>\n<meta name=\"twitter:card\" content=\"summary_large_image\" \/>\n<script type=\"application\/ld+json\" class=\"yoast-schema-graph\">{\"@context\":\"https:\/\/schema.org\",\"@graph\":[{\"@type\":\"WebPage\",\"@id\":\"https:\/\/www.hofemamida.com\/es\/servicios\/\",\"url\":\"https:\/\/www.hofemamida.com\/es\/servicios\/\",\"name\":\"SERVICIOS - Ho Fem a Mida\",\"isPartOf\":{\"@id\":\"https:\/\/www.hofemamida.com\/es\/#website\"},\"datePublished\":\"2020-01-17T06:40:58+00:00\",\"dateModified\":\"2020-01-18T17:16:28+00:00\",\"breadcrumb\":{\"@id\":\"https:\/\/www.hofemamida.com\/es\/servicios\/#breadcrumb\"},\"inLanguage\":\"es\",\"potentialAction\":[{\"@type\":\"ReadAction\",\"target\":[\"https:\/\/www.hofemamida.com\/es\/servicios\/\"]}]},{\"@type\":\"BreadcrumbList\",\"@id\":\"https:\/\/www.hofemamida.com\/es\/servicios\/#breadcrumb\",\"itemListElement\":[{\"@type\":\"ListItem\",\"position\":1,\"name\":\"Inici\",\"item\":\"https:\/\/www.hofemamida.com\/es\/\"},{\"@type\":\"ListItem\",\"position\":2,\"name\":\"SERVICIOS\"}]},{\"@type\":\"WebSite\",\"@id\":\"https:\/\/www.hofemamida.com\/es\/#website\",\"url\":\"https:\/\/www.hofemamida.com\/es\/\",\"name\":\"Ho Fem a Mida\",\"description\":\"Mobles a mida per la llar i la oficina\",\"potentialAction\":[{\"@type\":\"SearchAction\",\"target\":{\"@type\":\"EntryPoint\",\"urlTemplate\":\"https:\/\/www.hofemamida.com\/es\/?s={search_term_string}\"},\"query-input\":{\"@type\":\"PropertyValueSpecification\",\"valueRequired\":true,\"valueName\":\"search_term_string\"}}],\"inLanguage\":\"es\"}]}<\/script>\n<!-- \/ Yoast SEO plugin. -->","yoast_head_json":{"title":"SERVICIOS - Ho Fem a Mida","robots":{"index":"index","follow":"follow","max-snippet":"max-snippet:-1","max-image-preview":"max-image-preview:large","max-video-preview":"max-video-preview:-1"},"canonical":"https:\/\/www.hofemamida.com\/es\/servicios\/","og_locale":"es_ES","og_type":"article","og_title":"SERVICIOS - Ho Fem a Mida","og_description":"Dise\u00f1o actual Ven a ver nuestro showroom, d\u00f3nde podr\u00e1s ver algunos de nuestros dise\u00f1os de muebles de \u00faltima tendencia, as\u00ed como todas las posibilidades de combinaci\u00f3n de materiales, colores y texturas que te podemos ofrecer. Soluciones de Dise\u00f1o Nuestra larga experiencia en dise\u00f1o de muebles y nuestras l\u00edneas de mobiliario de \u00faltima tendencia nos permiten [&hellip;]","og_url":"https:\/\/www.hofemamida.com\/es\/servicios\/","og_site_name":"Ho Fem a Mida","article_modified_time":"2020-01-18T17:16:28+00:00","twitter_card":"summary_large_image","schema":{"@context":"https:\/\/schema.org","@graph":[{"@type":"WebPage","@id":"https:\/\/www.hofemamida.com\/es\/servicios\/","url":"https:\/\/www.hofemamida.com\/es\/servicios\/","name":"SERVICIOS - Ho Fem a Mida","isPartOf":{"@id":"https:\/\/www.hofemamida.com\/es\/#website"},"datePublished":"2020-01-17T06:40:58+00:00","dateModified":"2020-01-18T17:16:28+00:00","breadcrumb":{"@id":"https:\/\/www.hofemamida.com\/es\/servicios\/#breadcrumb"},"inLanguage":"es","potentialAction":[{"@type":"ReadAction","target":["https:\/\/www.hofemamida.com\/es\/servicios\/"]}]},{"@type":"BreadcrumbList","@id":"https:\/\/www.hofemamida.com\/es\/servicios\/#breadcrumb","itemListElement":[{"@type":"ListItem","position":1,"name":"Inici","item":"https:\/\/www.hofemamida.com\/es\/"},{"@type":"ListItem","position":2,"name":"SERVICIOS"}]},{"@type":"WebSite","@id":"https:\/\/www.hofemamida.com\/es\/#website","url":"https:\/\/www.hofemamida.com\/es\/","name":"Ho Fem a Mida","description":"Mobles a mida per la llar i la oficina","potentialAction":[{"@type":"SearchAction","target":{"@type":"EntryPoint","urlTemplate":"https:\/\/www.hofemamida.com\/es\/?s={search_term_string}"},"query-input":{"@type":"PropertyValueSpecification","valueRequired":true,"valueName":"search_term_string"}}],"inLanguage":"es"}]}},"_links":{"self":[{"href":"https:\/\/www.hofemamida.com\/es\/wp-json\/wp\/v2\/pages\/198"}],"collection":[{"href":"https:\/\/www.hofemamida.com\/es\/wp-json\/wp\/v2\/pages"}],"about":[{"href":"https:\/\/www.hofemamida.com\/es\/wp-json\/wp\/v2\/types\/page"}],"author":[{"embeddable":true,"href":"https:\/\/www.hofemamida.com\/es\/wp-json\/wp\/v2\/users\/1"}],"replies":[{"embeddable":true,"href":"https:\/\/www.hofemamida.com\/es\/wp-json\/wp\/v2\/comments?post=198"}],"version-history":[{"count":13,"href":"https:\/\/www.hofemamida.com\/es\/wp-json\/wp\/v2\/pages\/198\/revisions"}],"predecessor-version":[{"id":313,"href":"https:\/\/www.hofemamida.com\/es\/wp-json\/wp\/v2\/pages\/198\/revisions\/313"}],"wp:attachment":[{"href":"https:\/\/www.hofemamida.com\/es\/wp-json\/wp\/v2\/media?parent=198"}],"curies":[{"name":"wp","href":"https:\/\/api.w.org\/{rel}","templated":true}]}}